{"id":74629,"date":"2026-04-21T02:00:42","date_gmt":"2026-04-21T02:00:42","guid":{"rendered":""},"modified":"2026-04-21T02:00:42","modified_gmt":"2026-04-21T02:00:42","slug":"blanco-sora-gold-matt-kombi-koogisegisti-filtreerimata-ja-filtreeritud-veele","status":"publish","type":"product","link":"https:\/\/luxtehnikashop.ee\/et\/p\/blanco-sora-gold-matt-kombi-koogisegisti-filtreerimata-ja-filtreeritud-veele\/","title":{"rendered":"BLANCO SORA GOLD Matt Kombi K\u00f6\u00f6gisegisti filtreerimata ja filtreeritud veele"},"content":{"rendered":"","protected":false},"excerpt":{"rendered":"<p>Kombi K\u00f6\u00f6gisegisti<br \/><span style=\"font-family:arial, helvetica, sans-serif;font-size:10pt;\">Vimistlus:\u00a0<\/span><span style=\"font-family:arial, helvetica, sans-serif;font-size:13.3333px;\">Satin Gold<\/span><br \/>Kahe p\u00f6\u00f6rleva k\u00e4epideme hoovaga segisti, filtreerimata ja filtreeritud vee jaoks <br \/>Integreeritud veev\u00e4ljund filtreeritud vee jaoks,<br \/>S\u00fcsteem, millesse v\u00f5imalik integreerida veefilter,<br \/>Armatuuride s\u00fcsteem varustab k\u00f6\u00f6gi k\u00fclma ja soojaveega,<br \/>Kolmas, separaatne veejuhe, annab lisaks k\u00fclmale ja soojale veele ka filtreeritud<\/p>\n","protected":false},"featured_media":54883,"template":"","meta":[],"product_cat":[275],"product_tag":[],"_links":{"self":[{"href":"https:\/\/luxtehnikashop.ee\/et\/wp-json\/wp\/v2\/product\/74629"}],"collection":[{"href":"https:\/\/luxtehnikashop.ee\/et\/wp-json\/wp\/v2\/product"}],"about":[{"href":"https:\/\/luxtehnikashop.ee\/et\/wp-json\/wp\/v2\/types\/product"}],"wp:featuredmedia":[{"embeddable":true,"href":"https:\/\/luxtehnikashop.ee\/et\/wp-json\/wp\/v2\/media\/54883"}],"wp:attachment":[{"href":"https:\/\/luxtehnikashop.ee\/et\/wp-json\/wp\/v2\/media?parent=74629"}],"wp:term":[{"taxonomy":"product_cat","embeddable":true,"href":"https:\/\/luxtehnikashop.ee\/et\/wp-json\/wp\/v2\/product_cat?post=74629"},{"taxonomy":"product_tag","embeddable":true,"href":"https:\/\/luxtehnikashop.ee\/et\/wp-json\/wp\/v2\/product_tag?post=74629"}],"curies":[{"name":"wp","href":"https:\/\/api.w.org\/{rel}","templated":true}]}}