{"id":74645,"date":"2026-04-24T02:00:52","date_gmt":"2026-04-24T02:00:52","guid":{"rendered":""},"modified":"2026-04-24T02:00:52","modified_gmt":"2026-04-24T02:00:52","slug":"gaggenau-wm260165-eraldiseisev-eestlaetav-pesumasin","status":"publish","type":"product","link":"https:\/\/luxtehnikashop.ee\/et\/p\/gaggenau-wm260165-eraldiseisev-eestlaetav-pesumasin\/","title":{"rendered":"GAGGENAU WM260165 Eraldiseisev Eestlaetav Pesumasin"},"content":{"rendered":"","protected":false},"excerpt":{"rendered":"<p>Eraldiseisev pesumasin<br \/>Eestlaetav<br \/>Valge viimistlusega<br \/>Sisseehitatud i-DOS automaatne pesuvahendi doseerimiss\u00fcsteem<br \/>Pesukogus: 1\u201310 kg<br \/>Tsentrifuugimiskiirus: 400\u20131600 p\/min<br \/>Sisemine trummelvalgustus<br \/>Uks: Vasakuk\u00e4eline<br \/>Kvaliteetne ja energias\u00e4\u00e4stlik A+++ energiaklassiga seade, mis tarbib 30% v\u00e4hem energiat kui k\u00f5ik tema eelk\u00e4ijad.<br \/>M\u00f5\u00f5tmed: 845 x 598 x 638 mm<\/p>\n","protected":false},"featured_media":74646,"template":"","meta":[],"product_cat":[2830],"product_tag":[],"_links":{"self":[{"href":"https:\/\/luxtehnikashop.ee\/et\/wp-json\/wp\/v2\/product\/74645"}],"collection":[{"href":"https:\/\/luxtehnikashop.ee\/et\/wp-json\/wp\/v2\/product"}],"about":[{"href":"https:\/\/luxtehnikashop.ee\/et\/wp-json\/wp\/v2\/types\/product"}],"wp:featuredmedia":[{"embeddable":true,"href":"https:\/\/luxtehnikashop.ee\/et\/wp-json\/wp\/v2\/media\/74646"}],"wp:attachment":[{"href":"https:\/\/luxtehnikashop.ee\/et\/wp-json\/wp\/v2\/media?parent=74645"}],"wp:term":[{"taxonomy":"product_cat","embeddable":true,"href":"https:\/\/luxtehnikashop.ee\/et\/wp-json\/wp\/v2\/product_cat?post=74645"},{"taxonomy":"product_tag","embeddable":true,"href":"https:\/\/luxtehnikashop.ee\/et\/wp-json\/wp\/v2\/product_tag?post=74645"}],"curies":[{"name":"wp","href":"https:\/\/api.w.org\/{rel}","templated":true}]}}