{"id":74937,"date":"2026-04-26T02:00:48","date_gmt":"2026-04-26T02:00:48","guid":{"rendered":""},"modified":"2026-04-26T02:00:48","modified_gmt":"2026-04-26T02:00:48","slug":"blanco-526259-drink-filter-soft-s-veefiltrikassett","status":"publish","type":"product","link":"https:\/\/luxtehnikashop.ee\/et\/p\/blanco-526259-drink-filter-soft-s-veefiltrikassett\/","title":{"rendered":"BLANCO 526259 Drink Filter Soft S Veefiltrikassett"},"content":{"rendered":"","protected":false},"excerpt":{"rendered":"<p>Veefiltrikassett \/ Drink Filter Soft S<br \/>Kodumajapidamises kasutamiseks heakskiidetud mikrofiltreerimine on loodud puhta vee tagamiseks, eemaldades katlakivi, m\u00f5ned orgaanilised elemendid, kloorij\u00e4\u00e4gid ja kahjulikud ained, mis p\u00f5hjustavad ebameeldivaid l\u00f5hnu.<br \/>V\u00e4hendab ka raskmetalle ja rikastab vett v\u00e4\u00e4rtusliku mineraali magneesiumiga.<br \/>Veefiltris\u00fcsteemi saab kasutada ainult k\u00fclma veega.<br \/>Filtri maht: 520 liitrit 12\u00b0dH juures (kogukaredus). Maksimaalne kasutusiga: 12 kuud.<br \/>Jooge kvaliteetset vett, et parandada oma jookide ja lemmikretseptide maitset.<\/p>\n","protected":false},"featured_media":74938,"template":"","meta":[],"product_cat":[275],"product_tag":[],"_links":{"self":[{"href":"https:\/\/luxtehnikashop.ee\/et\/wp-json\/wp\/v2\/product\/74937"}],"collection":[{"href":"https:\/\/luxtehnikashop.ee\/et\/wp-json\/wp\/v2\/product"}],"about":[{"href":"https:\/\/luxtehnikashop.ee\/et\/wp-json\/wp\/v2\/types\/product"}],"wp:featuredmedia":[{"embeddable":true,"href":"https:\/\/luxtehnikashop.ee\/et\/wp-json\/wp\/v2\/media\/74938"}],"wp:attachment":[{"href":"https:\/\/luxtehnikashop.ee\/et\/wp-json\/wp\/v2\/media?parent=74937"}],"wp:term":[{"taxonomy":"product_cat","embeddable":true,"href":"https:\/\/luxtehnikashop.ee\/et\/wp-json\/wp\/v2\/product_cat?post=74937"},{"taxonomy":"product_tag","embeddable":true,"href":"https:\/\/luxtehnikashop.ee\/et\/wp-json\/wp\/v2\/product_tag?post=74937"}],"curies":[{"name":"wp","href":"https:\/\/api.w.org\/{rel}","templated":true}]}}