{"id":7974,"date":"2026-04-27T02:00:04","date_gmt":"2026-04-27T02:00:04","guid":{"rendered":""},"modified":"2026-04-27T02:00:04","modified_gmt":"2026-04-27T02:00:04","slug":"elleci-reno-koogisegisti-kasidusiga","status":"publish","type":"product","link":"https:\/\/luxtehnikashop.ee\/et\/p\/elleci-reno-koogisegisti-kasidusiga\/","title":{"rendered":"ELLECI RENO Koogisegisti Kasidusiga"},"content":{"rendered":"","protected":false},"excerpt":{"rendered":"<p>ELLECI K\u00f6\u00f6gisegisti,<br \/>Kangsegisti dushivoolikuga ja k\u00e4sidussiga,<br \/>Kaasaegne disain,<br \/>\u00dche p\u00f6\u00f6rleva k\u00e4epideme hoovaga segisti,<br \/>Kergelt k\u00e4sitlev,<br \/>Keraamiline seadeosa<\/p>\n","protected":false},"featured_media":7984,"template":"","meta":[],"product_cat":[275],"product_tag":[],"_links":{"self":[{"href":"https:\/\/luxtehnikashop.ee\/et\/wp-json\/wp\/v2\/product\/7974"}],"collection":[{"href":"https:\/\/luxtehnikashop.ee\/et\/wp-json\/wp\/v2\/product"}],"about":[{"href":"https:\/\/luxtehnikashop.ee\/et\/wp-json\/wp\/v2\/types\/product"}],"wp:featuredmedia":[{"embeddable":true,"href":"https:\/\/luxtehnikashop.ee\/et\/wp-json\/wp\/v2\/media\/7984"}],"wp:attachment":[{"href":"https:\/\/luxtehnikashop.ee\/et\/wp-json\/wp\/v2\/media?parent=7974"}],"wp:term":[{"taxonomy":"product_cat","embeddable":true,"href":"https:\/\/luxtehnikashop.ee\/et\/wp-json\/wp\/v2\/product_cat?post=7974"},{"taxonomy":"product_tag","embeddable":true,"href":"https:\/\/luxtehnikashop.ee\/et\/wp-json\/wp\/v2\/product_tag?post=7974"}],"curies":[{"name":"wp","href":"https:\/\/api.w.org\/{rel}","templated":true}]}}