{"id":8016,"date":"2026-04-20T02:00:05","date_gmt":"2026-04-20T02:00:05","guid":{"rendered":""},"modified":"2026-04-20T02:00:05","modified_gmt":"2026-04-20T02:00:05","slug":"elleci-venere","status":"publish","type":"product","link":"https:\/\/luxtehnikashop.ee\/et\/p\/elleci-venere\/","title":{"rendered":"ELLECI VENERE"},"content":{"rendered":"","protected":false},"excerpt":{"rendered":"<p>ELLECI K\u00f6\u00f6gisegisti,<br \/>K\u00e4sidushiga,<br \/>Kangsegisti dushivoolikuga ja k\u00e4sidussiga,<br \/>Kaasaegne disain,<br \/>\u00dche p\u00f6\u00f6rleva k\u00e4epideme hoovaga segisti,<br \/>Kergelt k\u00e4sitlev,<br \/>Keraamiline seadeosa<\/p>\n","protected":false},"featured_media":8018,"template":"","meta":[],"product_cat":[275],"product_tag":[],"_links":{"self":[{"href":"https:\/\/luxtehnikashop.ee\/et\/wp-json\/wp\/v2\/product\/8016"}],"collection":[{"href":"https:\/\/luxtehnikashop.ee\/et\/wp-json\/wp\/v2\/product"}],"about":[{"href":"https:\/\/luxtehnikashop.ee\/et\/wp-json\/wp\/v2\/types\/product"}],"wp:featuredmedia":[{"embeddable":true,"href":"https:\/\/luxtehnikashop.ee\/et\/wp-json\/wp\/v2\/media\/8018"}],"wp:attachment":[{"href":"https:\/\/luxtehnikashop.ee\/et\/wp-json\/wp\/v2\/media?parent=8016"}],"wp:term":[{"taxonomy":"product_cat","embeddable":true,"href":"https:\/\/luxtehnikashop.ee\/et\/wp-json\/wp\/v2\/product_cat?post=8016"},{"taxonomy":"product_tag","embeddable":true,"href":"https:\/\/luxtehnikashop.ee\/et\/wp-json\/wp\/v2\/product_tag?post=8016"}],"curies":[{"name":"wp","href":"https:\/\/api.w.org\/{rel}","templated":true}]}}