{"id":8338,"date":"2026-04-21T02:00:05","date_gmt":"2026-04-21T02:00:05","guid":{"rendered":""},"modified":"2026-04-21T02:00:05","modified_gmt":"2026-04-21T02:00:05","slug":"wesco-bio-trio-40-1-bm-jaatmekaitlussusteem","status":"publish","type":"product","link":"https:\/\/luxtehnikashop.ee\/et\/p\/wesco-bio-trio-40-1-bm-jaatmekaitlussusteem\/","title":{"rendered":"WESCO BIO-TRIO 40.1 BM J\u00e4\u00e4tmek\u00e4itluss\u00fcsteem"},"content":{"rendered":"","protected":false},"excerpt":{"rendered":"<p>J\u00e4\u00e4tmek\u00e4itluss\u00fcsteem,<br \/>Ukset\u00fc\u00fcp: ette avanev Kapile laiusega min.: 40sm,<br \/>Lihtne avada koos esiosa k\u00fclge kinnitatud esiuksega,<br \/>K\u00e4ega t\u00f5mmates avanev lihtne ja mugav s\u00fcsteem,<br \/>Avades kapiust liiguvad v\u00e4lja ka pr\u00fcgin\u00f5ud,<br \/>Sulgemisel pidurdub ukse liikumine enne sulgumist,<br \/>\u00c4mbrite arv: 3tk<\/p>\n","protected":false},"featured_media":8339,"template":"","meta":[],"product_cat":[432,499],"product_tag":[],"_links":{"self":[{"href":"https:\/\/luxtehnikashop.ee\/et\/wp-json\/wp\/v2\/product\/8338"}],"collection":[{"href":"https:\/\/luxtehnikashop.ee\/et\/wp-json\/wp\/v2\/product"}],"about":[{"href":"https:\/\/luxtehnikashop.ee\/et\/wp-json\/wp\/v2\/types\/product"}],"wp:featuredmedia":[{"embeddable":true,"href":"https:\/\/luxtehnikashop.ee\/et\/wp-json\/wp\/v2\/media\/8339"}],"wp:attachment":[{"href":"https:\/\/luxtehnikashop.ee\/et\/wp-json\/wp\/v2\/media?parent=8338"}],"wp:term":[{"taxonomy":"product_cat","embeddable":true,"href":"https:\/\/luxtehnikashop.ee\/et\/wp-json\/wp\/v2\/product_cat?post=8338"},{"taxonomy":"product_tag","embeddable":true,"href":"https:\/\/luxtehnikashop.ee\/et\/wp-json\/wp\/v2\/product_tag?post=8338"}],"curies":[{"name":"wp","href":"https:\/\/api.w.org\/{rel}","templated":true}]}}