{"id":8344,"date":"2026-04-22T02:00:05","date_gmt":"2026-04-22T02:00:05","guid":{"rendered":""},"modified":"2026-04-22T02:00:05","modified_gmt":"2026-04-22T02:00:05","slug":"wesco-double-master-40dt-jaatmekaitlussusteem","status":"publish","type":"product","link":"https:\/\/luxtehnikashop.ee\/et\/p\/wesco-double-master-40dt-jaatmekaitlussusteem\/","title":{"rendered":"WESCO Double Master 40DT Jaatmek\u00e4itluss\u00fcsteem"},"content":{"rendered":"","protected":false},"excerpt":{"rendered":"<p>WESCO Jaatmek\u00e4itluss\u00fcsteem,<br \/>Ukset\u00fc\u00fcp: P\u00f6\u00f6rduksega avatav,<br \/>Kapile laiusega min.: 40sm,<br \/>Korgus: 320mm,<br \/>Lihtne avada, peale kapi ukse avamist k\u00e4sitsi sorteri v\u00e4ljat\u00f5mbamine,<br \/>Sulgemisel pidurdub ukse liikumine enne sulgumist.,&#8217;<br \/>Sujuvalt sulguv,( Kanderaam liigub siinidel vaikselt ja sujuvalt. ),&#8217;<br \/>Monteeritakse aluskapi p\u00f5hjale<\/p>\n","protected":false},"featured_media":8345,"template":"","meta":[],"product_cat":[432,499],"product_tag":[],"_links":{"self":[{"href":"https:\/\/luxtehnikashop.ee\/et\/wp-json\/wp\/v2\/product\/8344"}],"collection":[{"href":"https:\/\/luxtehnikashop.ee\/et\/wp-json\/wp\/v2\/product"}],"about":[{"href":"https:\/\/luxtehnikashop.ee\/et\/wp-json\/wp\/v2\/types\/product"}],"wp:featuredmedia":[{"embeddable":true,"href":"https:\/\/luxtehnikashop.ee\/et\/wp-json\/wp\/v2\/media\/8345"}],"wp:attachment":[{"href":"https:\/\/luxtehnikashop.ee\/et\/wp-json\/wp\/v2\/media?parent=8344"}],"wp:term":[{"taxonomy":"product_cat","embeddable":true,"href":"https:\/\/luxtehnikashop.ee\/et\/wp-json\/wp\/v2\/product_cat?post=8344"},{"taxonomy":"product_tag","embeddable":true,"href":"https:\/\/luxtehnikashop.ee\/et\/wp-json\/wp\/v2\/product_tag?post=8344"}],"curies":[{"name":"wp","href":"https:\/\/api.w.org\/{rel}","templated":true}]}}