{"id":8401,"date":"2026-04-20T02:00:06","date_gmt":"2026-04-20T02:00:06","guid":{"rendered":""},"modified":"2026-04-20T02:00:06","modified_gmt":"2026-04-20T02:00:06","slug":"teka-texina-45-b-cn-rst-koogivalamu","status":"publish","type":"product","link":"https:\/\/luxtehnikashop.ee\/et\/p\/teka-texina-45-b-cn-rst-koogivalamu\/","title":{"rendered":"TEKA TEXINA 45 B-CN RST K\u00f6\u00f6givalamu"},"content":{"rendered":"","protected":false},"excerpt":{"rendered":"<p>TEKA K\u00f6\u00f6givalamu, L\u00d5PUM\u00dc\u00dcK !!<\/p>\n<p>Roostevaba teras, Textuur, <br \/>S\u00fcvistatav, <br \/>Aluskapp: 45cm, <br \/>P\u00f6\u00f6ratav ( kaus paremal\/vasakul ), <br \/>Valamu m\u00f5\u00f5dud: 860 x 500mm, <br \/>Kausi m\u00f5\u00f5dud: 1-340x418x160mm<\/p>\n","protected":false},"featured_media":8403,"template":"","meta":[],"product_cat":[62,133],"product_tag":[],"_links":{"self":[{"href":"https:\/\/luxtehnikashop.ee\/et\/wp-json\/wp\/v2\/product\/8401"}],"collection":[{"href":"https:\/\/luxtehnikashop.ee\/et\/wp-json\/wp\/v2\/product"}],"about":[{"href":"https:\/\/luxtehnikashop.ee\/et\/wp-json\/wp\/v2\/types\/product"}],"wp:featuredmedia":[{"embeddable":true,"href":"https:\/\/luxtehnikashop.ee\/et\/wp-json\/wp\/v2\/media\/8403"}],"wp:attachment":[{"href":"https:\/\/luxtehnikashop.ee\/et\/wp-json\/wp\/v2\/media?parent=8401"}],"wp:term":[{"taxonomy":"product_cat","embeddable":true,"href":"https:\/\/luxtehnikashop.ee\/et\/wp-json\/wp\/v2\/product_cat?post=8401"},{"taxonomy":"product_tag","embeddable":true,"href":"https:\/\/luxtehnikashop.ee\/et\/wp-json\/wp\/v2\/product_tag?post=8401"}],"curies":[{"name":"wp","href":"https:\/\/api.w.org\/{rel}","templated":true}]}}