{"id":8458,"date":"2026-04-29T02:00:05","date_gmt":"2026-04-29T02:00:05","guid":{"rendered":""},"modified":"2026-04-29T02:00:05","modified_gmt":"2026-04-29T02:00:05","slug":"pyramis-mk100x60cm-minikook","status":"publish","type":"product","link":"https:\/\/luxtehnikashop.ee\/et\/p\/pyramis-mk100x60cm-minikook\/","title":{"rendered":"PYRAMIS MK100x60cm Minik\u00f6\u00f6k"},"content":{"rendered":"","protected":false},"excerpt":{"rendered":"<p>PYRAMIS Minik\u00f6\u00f6k<br \/><span>K\u00f5ik h\u00e4davajalikud k\u00f6\u00f6giseadmed-pliit, k\u00fclmik ja s\u00e4ilituskapp &#8211; \u00fches seadmes, mis v\u00f5tab ainult 0,6 m2 p\u00f5randapinda.<br \/>Lisana v\u00f5imalus paigaldada t\u00e4iendavalt ( 10-12L veeboiler, pr\u00fcgikonteiner v\u00f5i joogivee filtri\u00a0<\/span><br \/><span>komplekt )<\/span><\/p>\n","protected":false},"featured_media":8461,"template":"","meta":[],"product_cat":[62,133],"product_tag":[],"_links":{"self":[{"href":"https:\/\/luxtehnikashop.ee\/et\/wp-json\/wp\/v2\/product\/8458"}],"collection":[{"href":"https:\/\/luxtehnikashop.ee\/et\/wp-json\/wp\/v2\/product"}],"about":[{"href":"https:\/\/luxtehnikashop.ee\/et\/wp-json\/wp\/v2\/types\/product"}],"wp:featuredmedia":[{"embeddable":true,"href":"https:\/\/luxtehnikashop.ee\/et\/wp-json\/wp\/v2\/media\/8461"}],"wp:attachment":[{"href":"https:\/\/luxtehnikashop.ee\/et\/wp-json\/wp\/v2\/media?parent=8458"}],"wp:term":[{"taxonomy":"product_cat","embeddable":true,"href":"https:\/\/luxtehnikashop.ee\/et\/wp-json\/wp\/v2\/product_cat?post=8458"},{"taxonomy":"product_tag","embeddable":true,"href":"https:\/\/luxtehnikashop.ee\/et\/wp-json\/wp\/v2\/product_tag?post=8458"}],"curies":[{"name":"wp","href":"https:\/\/api.w.org\/{rel}","templated":true}]}}