{"id":9049,"date":"2026-04-22T02:00:07","date_gmt":"2026-04-22T02:00:07","guid":{"rendered":""},"modified":"2026-04-22T02:00:07","modified_gmt":"2026-04-22T02:00:07","slug":"blue-water-amanda-2in1-koogisegisti-filtreerimata-ja-filtreeritud-veele","status":"publish","type":"product","link":"https:\/\/luxtehnikashop.ee\/et\/p\/blue-water-amanda-2in1-koogisegisti-filtreerimata-ja-filtreeritud-veele\/","title":{"rendered":"Blue Water AMANDA 2in1 K\u00f6\u00f6gisegisti filtreerimata ja filtreeritud veele"},"content":{"rendered":"","protected":false},"excerpt":{"rendered":"<p>Kombi K\u00f6\u00f6gisegisti<br \/>Kahe p\u00f6\u00f6rleva k\u00e4epideme hoovaga segisti, filtreerimata ja filtreeritud vee jaoks Integreeritud veev\u00e4ljund filtreeritud vee jaoks <br \/>S\u00fcsteem, millesse v\u00f5imalik integreerida veefilter<br \/>Armatuuride s\u00fcsteem varustab k\u00f6\u00f6gi k\u00fclma ja soojaveega<br \/>Kolmas, separaatne veejuhe, annab lisaks k\u00fclmale ja soojale veele ka filtreeritud<\/p>\n","protected":false},"featured_media":9053,"template":"","meta":[],"product_cat":[275],"product_tag":[],"_links":{"self":[{"href":"https:\/\/luxtehnikashop.ee\/et\/wp-json\/wp\/v2\/product\/9049"}],"collection":[{"href":"https:\/\/luxtehnikashop.ee\/et\/wp-json\/wp\/v2\/product"}],"about":[{"href":"https:\/\/luxtehnikashop.ee\/et\/wp-json\/wp\/v2\/types\/product"}],"wp:featuredmedia":[{"embeddable":true,"href":"https:\/\/luxtehnikashop.ee\/et\/wp-json\/wp\/v2\/media\/9053"}],"wp:attachment":[{"href":"https:\/\/luxtehnikashop.ee\/et\/wp-json\/wp\/v2\/media?parent=9049"}],"wp:term":[{"taxonomy":"product_cat","embeddable":true,"href":"https:\/\/luxtehnikashop.ee\/et\/wp-json\/wp\/v2\/product_cat?post=9049"},{"taxonomy":"product_tag","embeddable":true,"href":"https:\/\/luxtehnikashop.ee\/et\/wp-json\/wp\/v2\/product_tag?post=9049"}],"curies":[{"name":"wp","href":"https:\/\/api.w.org\/{rel}","templated":true}]}}