{"id":9125,"date":"2026-04-30T02:00:07","date_gmt":"2026-04-30T02:00:07","guid":{"rendered":""},"modified":"2026-04-30T02:00:07","modified_gmt":"2026-04-30T02:00:07","slug":"alveus-ekko-sorter","status":"publish","type":"product","link":"https:\/\/luxtehnikashop.ee\/et\/p\/alveus-ekko-sorter\/","title":{"rendered":"ALVEUS EKKO Sorter"},"content":{"rendered":"","protected":false},"excerpt":{"rendered":"<p>Sorter,<br \/>Ukset\u00fc\u00fcp: k\u00fcljele avanev,<br \/>Kapile laiusega min.: 40sm,<br \/>Lihtne avada,peale kapi ukse avamist k\u00e4sitsi sorteri v\u00e4ljat\u00f5mbamine<\/p>\n","protected":false},"featured_media":9126,"template":"","meta":[],"product_cat":[432,499],"product_tag":[],"_links":{"self":[{"href":"https:\/\/luxtehnikashop.ee\/et\/wp-json\/wp\/v2\/product\/9125"}],"collection":[{"href":"https:\/\/luxtehnikashop.ee\/et\/wp-json\/wp\/v2\/product"}],"about":[{"href":"https:\/\/luxtehnikashop.ee\/et\/wp-json\/wp\/v2\/types\/product"}],"wp:featuredmedia":[{"embeddable":true,"href":"https:\/\/luxtehnikashop.ee\/et\/wp-json\/wp\/v2\/media\/9126"}],"wp:attachment":[{"href":"https:\/\/luxtehnikashop.ee\/et\/wp-json\/wp\/v2\/media?parent=9125"}],"wp:term":[{"taxonomy":"product_cat","embeddable":true,"href":"https:\/\/luxtehnikashop.ee\/et\/wp-json\/wp\/v2\/product_cat?post=9125"},{"taxonomy":"product_tag","embeddable":true,"href":"https:\/\/luxtehnikashop.ee\/et\/wp-json\/wp\/v2\/product_tag?post=9125"}],"curies":[{"name":"wp","href":"https:\/\/api.w.org\/{rel}","templated":true}]}}