{"id":9134,"date":"2026-04-29T02:00:07","date_gmt":"2026-04-29T02:00:07","guid":{"rendered":""},"modified":"2026-04-29T02:00:07","modified_gmt":"2026-04-29T02:00:07","slug":"atoll-joogiveekraan-bright-golden","status":"publish","type":"product","link":"https:\/\/luxtehnikashop.ee\/et\/p\/atoll-joogiveekraan-bright-golden\/","title":{"rendered":"Atoll Joogiveekraan, Bright Golden"},"content":{"rendered":"","protected":false},"excerpt":{"rendered":"<p>Joogiveekraan Atoll<br \/>Kuldne \/ GOLDEN \/ ( BG )<br \/>Stiilne ja praktiline disain teeb filtrist mitte lihtsalt kasuliku seadme, vaid ka aksesuari, mis harmooniliselt t\u00e4iendab Teie kodu v\u00f5i b\u00fcroo interij\u00f6\u00f6ri<br \/>K\u00fclmaveetorust tulev vesi voolab l\u00e4bi filtri ning v\u00e4ljub joogiveekraanist.<br \/>Joogiveekraanist v\u00f5etakse filtreeritud vett joomiseks ja toidu valmistamiseks.<\/p>\n","protected":false},"featured_media":9135,"template":"","meta":[],"product_cat":[275],"product_tag":[],"_links":{"self":[{"href":"https:\/\/luxtehnikashop.ee\/et\/wp-json\/wp\/v2\/product\/9134"}],"collection":[{"href":"https:\/\/luxtehnikashop.ee\/et\/wp-json\/wp\/v2\/product"}],"about":[{"href":"https:\/\/luxtehnikashop.ee\/et\/wp-json\/wp\/v2\/types\/product"}],"wp:featuredmedia":[{"embeddable":true,"href":"https:\/\/luxtehnikashop.ee\/et\/wp-json\/wp\/v2\/media\/9135"}],"wp:attachment":[{"href":"https:\/\/luxtehnikashop.ee\/et\/wp-json\/wp\/v2\/media?parent=9134"}],"wp:term":[{"taxonomy":"product_cat","embeddable":true,"href":"https:\/\/luxtehnikashop.ee\/et\/wp-json\/wp\/v2\/product_cat?post=9134"},{"taxonomy":"product_tag","embeddable":true,"href":"https:\/\/luxtehnikashop.ee\/et\/wp-json\/wp\/v2\/product_tag?post=9134"}],"curies":[{"name":"wp","href":"https:\/\/api.w.org\/{rel}","templated":true}]}}