{"id":9763,"date":"2026-04-20T02:00:10","date_gmt":"2026-04-20T02:00:10","guid":{"rendered":""},"modified":"2026-04-20T02:00:10","modified_gmt":"2026-04-20T02:00:10","slug":"nobili-grazia-grc5117-koogisegisti-retro-stiilis","status":"publish","type":"product","link":"https:\/\/luxtehnikashop.ee\/et\/p\/nobili-grazia-grc5117-koogisegisti-retro-stiilis\/","title":{"rendered":"NOBILI GRAZIA GRC5117 K\u00f6\u00f6gisegisti Retro stiilis"},"content":{"rendered":"","protected":false},"excerpt":{"rendered":"<p>K\u00f6\u00f6gisegisti \/ Valamusegisti,<br \/>Tootesari: GRAZIA,<br \/>Nostalgia ja Klassikaline disain koos kaasagsete funktsioonide ja kvalitediga,<br \/>Nuppsegistite sari,<br \/>Kahe p\u00f6\u00f6rleva k\u00e4epideme segisti,<br \/>Keraamiline seadeosa<\/p>\n","protected":false},"featured_media":9766,"template":"","meta":[],"product_cat":[815,816],"product_tag":[],"_links":{"self":[{"href":"https:\/\/luxtehnikashop.ee\/et\/wp-json\/wp\/v2\/product\/9763"}],"collection":[{"href":"https:\/\/luxtehnikashop.ee\/et\/wp-json\/wp\/v2\/product"}],"about":[{"href":"https:\/\/luxtehnikashop.ee\/et\/wp-json\/wp\/v2\/types\/product"}],"wp:featuredmedia":[{"embeddable":true,"href":"https:\/\/luxtehnikashop.ee\/et\/wp-json\/wp\/v2\/media\/9766"}],"wp:attachment":[{"href":"https:\/\/luxtehnikashop.ee\/et\/wp-json\/wp\/v2\/media?parent=9763"}],"wp:term":[{"taxonomy":"product_cat","embeddable":true,"href":"https:\/\/luxtehnikashop.ee\/et\/wp-json\/wp\/v2\/product_cat?post=9763"},{"taxonomy":"product_tag","embeddable":true,"href":"https:\/\/luxtehnikashop.ee\/et\/wp-json\/wp\/v2\/product_tag?post=9763"}],"curies":[{"name":"wp","href":"https:\/\/api.w.org\/{rel}","templated":true}]}}