{"id":9863,"date":"2026-04-20T02:00:10","date_gmt":"2026-04-20T02:00:10","guid":{"rendered":""},"modified":"2026-04-20T02:00:10","modified_gmt":"2026-04-20T02:00:10","slug":"nobili-road-rd00118-1-valamusegisti","status":"publish","type":"product","link":"https:\/\/luxtehnikashop.ee\/et\/p\/nobili-road-rd00118-1-valamusegisti\/","title":{"rendered":"NOBILI ROAD RD00118\/1 Valamusegisti"},"content":{"rendered":"","protected":false},"excerpt":{"rendered":"<p>Valamusegisti,<br \/>Tootesari: NEW ROAD,<br \/>Kaasaegne disain,<br \/>\u00dche p\u00f6\u00f6rleva k\u00e4epideme hoovaga segisti,<br \/>Pohjaklapiga,<br \/>Keraamiline seadeosa<\/p>\n","protected":false},"featured_media":9867,"template":"","meta":[],"product_cat":[815,816],"product_tag":[],"_links":{"self":[{"href":"https:\/\/luxtehnikashop.ee\/et\/wp-json\/wp\/v2\/product\/9863"}],"collection":[{"href":"https:\/\/luxtehnikashop.ee\/et\/wp-json\/wp\/v2\/product"}],"about":[{"href":"https:\/\/luxtehnikashop.ee\/et\/wp-json\/wp\/v2\/types\/product"}],"wp:featuredmedia":[{"embeddable":true,"href":"https:\/\/luxtehnikashop.ee\/et\/wp-json\/wp\/v2\/media\/9867"}],"wp:attachment":[{"href":"https:\/\/luxtehnikashop.ee\/et\/wp-json\/wp\/v2\/media?parent=9863"}],"wp:term":[{"taxonomy":"product_cat","embeddable":true,"href":"https:\/\/luxtehnikashop.ee\/et\/wp-json\/wp\/v2\/product_cat?post=9863"},{"taxonomy":"product_tag","embeddable":true,"href":"https:\/\/luxtehnikashop.ee\/et\/wp-json\/wp\/v2\/product_tag?post=9863"}],"curies":[{"name":"wp","href":"https:\/\/api.w.org\/{rel}","templated":true}]}}